{"id":4081,"date":"2023-10-13T20:12:32","date_gmt":"2023-10-13T18:12:32","guid":{"rendered":"https:\/\/lyceeball.at\/?page_id=4081"},"modified":"2025-11-18T21:23:37","modified_gmt":"2025-11-18T20:23:37","slug":"my-front-page-fr-pre","status":"publish","type":"page","link":"https:\/\/www.lyceeball.at\/de_at\/my-front-page-fr-pre\/","title":{"rendered":"My front page annonce fr"},"content":{"rendered":"<div data-elementor-type=\"wp-page\" data-elementor-id=\"4081\" class=\"elementor elementor-4081\" data-elementor-post-type=\"page\">\n\t\t\t\t\t\t<section class=\"elementor-section elementor-top-section elementor-element elementor-element-55fef1c elementor-section-boxed elementor-section-height-default elementor-section-height-default\" data-id=\"55fef1c\" data-element_type=\"section\" data-e-type=\"section\" data-settings=\"{&quot;background_background&quot;:&quot;video&quot;,&quot;background_video_link&quot;:&quot;https:\\\/\\\/youtu.be\\\/FST4pGJPJUU&quot;,&quot;background_video_start&quot;:3,&quot;background_video_end&quot;:150}\">\n\t\t\t\t\t\t\t\t<div class=\"elementor-background-video-container elementor-hidden-mobile\">\n\t\t\t\t\t\t\t\t\t\t\t\t\t<div class=\"elementor-background-video-embed\" role=\"presentation\"><\/div>\n\t\t\t\t\t\t\t\t\t\t\t\t<\/div>\n\t\t\t\t\t\t\t\t\t<div class=\"elementor-background-overlay\"><\/div>\n\t\t\t\t\t\t\t<div class=\"elementor-container elementor-column-gap-default\">\n\t\t\t\t\t<div class=\"elementor-column elementor-col-100 elementor-top-column elementor-element elementor-element-7a87d59\" data-id=\"7a87d59\" data-element_type=\"column\" data-e-type=\"column\">\n\t\t\t<div class=\"elementor-widget-wrap elementor-element-populated\">\n\t\t\t\t\t\t<section class=\"elementor-section elementor-inner-section elementor-element elementor-element-154411d elementor-section-boxed elementor-section-height-default elementor-section-height-default\" data-id=\"154411d\" data-element_type=\"section\" data-e-type=\"section\">\n\t\t\t\t\t\t<div class=\"elementor-container elementor-column-gap-default\">\n\t\t\t\t\t<div class=\"elementor-column elementor-col-100 elementor-inner-column elementor-element elementor-element-1ec2029\" data-id=\"1ec2029\" data-element_type=\"column\" data-e-type=\"column\">\n\t\t\t<div class=\"elementor-widget-wrap elementor-element-populated\">\n\t\t\t\t\t\t<div class=\"elementor-element elementor-element-9b42f9d elementor-widget elementor-widget-text-editor\" data-id=\"9b42f9d\" data-element_type=\"widget\" data-e-type=\"widget\" data-widget_type=\"text-editor.default\">\n\t\t\t\t<div class=\"elementor-widget-container\">\n\t\t\t\t\t\t\t\t\t<h3>Le comit\u00e9 d&rsquo;organisation est heureux de vous annoncer que<\/h3><h3>le bal du lyc\u00e9e fran\u00e7ais de Vienne<\/h3><h3>aura lieu au Rathaus de Vienne le\u00a0<\/h3>\t\t\t\t\t\t\t\t<\/div>\n\t\t\t\t<\/div>\n\t\t\t\t<div class=\"elementor-element elementor-element-c092f30 elementor-headline--style-highlight elementor-widget elementor-widget-animated-headline\" data-id=\"c092f30\" data-element_type=\"widget\" data-e-type=\"widget\" data-settings=\"{&quot;highlighted_text&quot;:&quot;Samedi 28 f\\u00e9vrier 2026&quot;,&quot;highlight_animation_duration&quot;:1000,&quot;highlight_iteration_delay&quot;:1500,&quot;headline_style&quot;:&quot;highlight&quot;,&quot;marker&quot;:&quot;circle&quot;,&quot;loop&quot;:&quot;yes&quot;}\" data-widget_type=\"animated-headline.default\">\n\t\t\t\t<div class=\"elementor-widget-container\">\n\t\t\t\t\t\t\t<h3 class=\"elementor-headline\">\n\t\t\t\t<span class=\"elementor-headline-dynamic-wrapper elementor-headline-text-wrapper\">\n\t\t\t\t\t<span class=\"elementor-headline-dynamic-text elementor-headline-text-active\">Samedi 28 f\u00e9vrier 2026<\/span>\n\t\t\t\t<\/span>\n\t\t\t\t<\/h3>\n\t\t\t\t\t\t<\/div>\n\t\t\t\t<\/div>\n\t\t\t\t<div class=\"elementor-element elementor-element-67300d2 elementor-widget elementor-widget-text-editor\" data-id=\"67300d2\" data-element_type=\"widget\" data-e-type=\"widget\" data-widget_type=\"text-editor.default\">\n\t\t\t\t<div class=\"elementor-widget-container\">\n\t\t\t\t\t\t\t\t\t<h4>Vous pouvez nous aider et nous soutenir dans son organisation<\/h4><p><a href=\"mailto:lyceeball@lyceefrancais.at\">lyceeball@lyceefrancais.at<\/a><\/p>\t\t\t\t\t\t\t\t<\/div>\n\t\t\t\t<\/div>\n\t\t\t\t\t<\/div>\n\t\t<\/div>\n\t\t\t\t\t<\/div>\n\t\t<\/section>\n\t\t\t\t<section class=\"elementor-section elementor-inner-section elementor-element elementor-element-a96fad1 elementor-section-full_width elementor-section-height-default elementor-section-height-default\" data-id=\"a96fad1\" data-element_type=\"section\" data-e-type=\"section\">\n\t\t\t\t\t\t<div class=\"elementor-container elementor-column-gap-default\">\n\t\t\t\t\t<div class=\"elementor-column elementor-col-33 elementor-inner-column elementor-element elementor-element-bf34a17\" data-id=\"bf34a17\" data-element_type=\"column\" data-e-type=\"column\">\n\t\t\t<div class=\"elementor-widget-wrap elementor-element-populated\">\n\t\t\t\t\t\t<div class=\"elementor-element elementor-element-5d6ac3c elementor-position-top elementor-widget elementor-widget-image-box\" data-id=\"5d6ac3c\" data-element_type=\"widget\" data-e-type=\"widget\" data-widget_type=\"image-box.default\">\n\t\t\t\t<div class=\"elementor-widget-container\">\n\t\t\t\t\t<div class=\"elementor-image-box-wrapper\"><figure class=\"elementor-image-box-img\"><img fetchpriority=\"high\" decoding=\"async\" width=\"680\" height=\"382\" src=\"https:\/\/www.lyceeball.at\/wp-content\/uploads\/2024\/12\/2023-09-22.jpg\" class=\"attachment-full size-full wp-image-6578\" alt=\"\" srcset=\"https:\/\/www.lyceeball.at\/wp-content\/uploads\/2024\/12\/2023-09-22.jpg 680w, https:\/\/www.lyceeball.at\/wp-content\/uploads\/2024\/12\/2023-09-22-300x169.jpg 300w, https:\/\/www.lyceeball.at\/wp-content\/uploads\/2024\/12\/2023-09-22-18x10.jpg 18w, https:\/\/www.lyceeball.at\/wp-content\/uploads\/2024\/12\/2023-09-22-230x129.jpg 230w, https:\/\/www.lyceeball.at\/wp-content\/uploads\/2024\/12\/2023-09-22-350x197.jpg 350w, https:\/\/www.lyceeball.at\/wp-content\/uploads\/2024\/12\/2023-09-22-480x270.jpg 480w\" sizes=\"(max-width: 680px) 100vw, 680px\" \/><\/figure><div class=\"elementor-image-box-content\"><p class=\"elementor-image-box-description\"><br>Ambiance festive dans le cadre historique du Rathaus de Vienne.<br><br><br><\/p><\/div><\/div>\t\t\t\t<\/div>\n\t\t\t\t<\/div>\n\t\t\t\t\t<\/div>\n\t\t<\/div>\n\t\t\t\t<div class=\"elementor-column elementor-col-33 elementor-inner-column elementor-element elementor-element-670a5ce\" data-id=\"670a5ce\" data-element_type=\"column\" data-e-type=\"column\">\n\t\t\t<div class=\"elementor-widget-wrap elementor-element-populated\">\n\t\t\t\t\t\t<div class=\"elementor-element elementor-element-5f4e869 elementor-position-top elementor-widget elementor-widget-image-box\" data-id=\"5f4e869\" data-element_type=\"widget\" data-e-type=\"widget\" data-widget_type=\"image-box.default\">\n\t\t\t\t<div class=\"elementor-widget-container\">\n\t\t\t\t\t<div class=\"elementor-image-box-wrapper\"><figure class=\"elementor-image-box-img\"><img decoding=\"async\" width=\"500\" height=\"332\" src=\"https:\/\/www.lyceeball.at\/wp-content\/uploads\/Bal\/web-vienne-entree-lycee-e1546637884299.jpg\" class=\"attachment-full size-full wp-image-19\" alt=\"\" srcset=\"https:\/\/www.lyceeball.at\/wp-content\/uploads\/Bal\/web-vienne-entree-lycee-e1546637884299.jpg 500w, https:\/\/www.lyceeball.at\/wp-content\/uploads\/Bal\/web-vienne-entree-lycee-e1546637884299-300x199.jpg 300w, https:\/\/www.lyceeball.at\/wp-content\/uploads\/Bal\/web-vienne-entree-lycee-e1546637884299-18x12.jpg 18w, https:\/\/www.lyceeball.at\/wp-content\/uploads\/Bal\/web-vienne-entree-lycee-e1546637884299-230x153.jpg 230w, https:\/\/www.lyceeball.at\/wp-content\/uploads\/Bal\/web-vienne-entree-lycee-e1546637884299-350x232.jpg 350w, https:\/\/www.lyceeball.at\/wp-content\/uploads\/Bal\/web-vienne-entree-lycee-e1546637884299-480x319.jpg 480w\" sizes=\"(max-width: 500px) 100vw, 500px\" \/><\/figure><div class=\"elementor-image-box-content\"><p class=\"elementor-image-box-description\">Le bal est enti\u00e8rement financ\u00e9 par la vente de tickets d\u2019entr\u00e9e, de tables, de billets de tombola et par de fid\u00e8les sponsors. Les b\u00e9n\u00e9fices servent au financement de projets d\u2019\u00e9l\u00e8ves du lyc\u00e9e fran\u00e7ais de Vienne.<\/p><\/div><\/div>\t\t\t\t<\/div>\n\t\t\t\t<\/div>\n\t\t\t\t\t<\/div>\n\t\t<\/div>\n\t\t\t\t<div class=\"elementor-column elementor-col-33 elementor-inner-column elementor-element elementor-element-b6bcf63\" data-id=\"b6bcf63\" data-element_type=\"column\" data-e-type=\"column\">\n\t\t\t<div class=\"elementor-widget-wrap elementor-element-populated\">\n\t\t\t\t\t\t<div class=\"elementor-element elementor-element-2749705 elementor-position-top elementor-widget elementor-widget-image-box\" data-id=\"2749705\" data-element_type=\"widget\" data-e-type=\"widget\" data-widget_type=\"image-box.default\">\n\t\t\t\t<div class=\"elementor-widget-container\">\n\t\t\t\t\t<div class=\"elementor-image-box-wrapper\"><figure class=\"elementor-image-box-img\"><img decoding=\"async\" width=\"500\" height=\"333\" src=\"https:\/\/www.lyceeball.at\/wp-content\/uploads\/Bal\/073.jpg\" class=\"attachment-full size-full wp-image-20\" alt=\"\" srcset=\"https:\/\/www.lyceeball.at\/wp-content\/uploads\/Bal\/073.jpg 500w, https:\/\/www.lyceeball.at\/wp-content\/uploads\/Bal\/073-300x200.jpg 300w, https:\/\/www.lyceeball.at\/wp-content\/uploads\/Bal\/073-18x12.jpg 18w, https:\/\/www.lyceeball.at\/wp-content\/uploads\/Bal\/073-230x153.jpg 230w, https:\/\/www.lyceeball.at\/wp-content\/uploads\/Bal\/073-350x233.jpg 350w, https:\/\/www.lyceeball.at\/wp-content\/uploads\/Bal\/073-480x320.jpg 480w\" sizes=\"(max-width: 500px) 100vw, 500px\" \/><\/figure><div class=\"elementor-image-box-content\"><p class=\"elementor-image-box-description\">Depuis plus de 23 ans le bal a su trouver et garder une place solide dans la saison des bals Viennois.<br><br><br><\/p><\/div><\/div>\t\t\t\t<\/div>\n\t\t\t\t<\/div>\n\t\t\t\t\t<\/div>\n\t\t<\/div>\n\t\t\t\t\t<\/div>\n\t\t<\/section>\n\t\t\t\t\t<\/div>\n\t\t<\/div>\n\t\t\t\t\t<\/div>\n\t\t<\/section>\n\t\t\t\t<section class=\"elementor-section elementor-top-section elementor-element elementor-element-8379181 elementor-section-content-middle elementor-reverse-mobile elementor-section-boxed elementor-section-height-default elementor-section-height-default\" data-id=\"8379181\" data-element_type=\"section\" data-e-type=\"section\" data-settings=\"{&quot;background_background&quot;:&quot;classic&quot;}\">\n\t\t\t\t\t\t<div class=\"elementor-container elementor-column-gap-default\">\n\t\t\t\t\t<div class=\"elementor-column elementor-col-100 elementor-top-column elementor-element elementor-element-24431a5\" data-id=\"24431a5\" data-element_type=\"column\" data-e-type=\"column\">\n\t\t\t<div class=\"elementor-widget-wrap\">\n\t\t\t\t\t\t\t<\/div>\n\t\t<\/div>\n\t\t\t\t\t<\/div>\n\t\t<\/section>\n\t\t\t\t<section class=\"elementor-section elementor-top-section elementor-element elementor-element-bb85765 elementor-section-content-middle elementor-reverse-mobile elementor-section-boxed elementor-section-height-default elementor-section-height-default\" data-id=\"bb85765\" data-element_type=\"section\" data-e-type=\"section\" data-settings=\"{&quot;background_background&quot;:&quot;classic&quot;}\">\n\t\t\t\t\t\t<div class=\"elementor-container elementor-column-gap-default\">\n\t\t\t\t\t<div class=\"elementor-column elementor-col-50 elementor-top-column elementor-element elementor-element-0efdb39\" data-id=\"0efdb39\" data-element_type=\"column\" data-e-type=\"column\">\n\t\t\t<div class=\"elementor-widget-wrap elementor-element-populated\">\n\t\t\t\t\t\t<div class=\"elementor-element elementor-element-0194344 stretch-right elementor-widget elementor-widget-image\" data-id=\"0194344\" data-element_type=\"widget\" data-e-type=\"widget\" data-widget_type=\"image.default\">\n\t\t\t\t<div class=\"elementor-widget-container\">\n\t\t\t\t\t\t\t\t\t\t\t\t\t\t\t<img loading=\"lazy\" decoding=\"async\" width=\"1024\" height=\"1020\" src=\"https:\/\/www.lyceeball.at\/wp-content\/uploads\/Bal\/logo-bal-1024x1020.png\" class=\"attachment-large size-large wp-image-7\" alt=\"\" srcset=\"https:\/\/www.lyceeball.at\/wp-content\/uploads\/Bal\/logo-bal-1024x1020.png 1024w, https:\/\/www.lyceeball.at\/wp-content\/uploads\/Bal\/logo-bal-300x300.png 300w, https:\/\/www.lyceeball.at\/wp-content\/uploads\/Bal\/logo-bal-150x150.png 150w, https:\/\/www.lyceeball.at\/wp-content\/uploads\/Bal\/logo-bal-768x765.png 768w, https:\/\/www.lyceeball.at\/wp-content\/uploads\/Bal\/logo-bal-12x12.png 12w, https:\/\/www.lyceeball.at\/wp-content\/uploads\/Bal\/logo-bal-1000x996.png 1000w, https:\/\/www.lyceeball.at\/wp-content\/uploads\/Bal\/logo-bal-230x229.png 230w, https:\/\/www.lyceeball.at\/wp-content\/uploads\/Bal\/logo-bal-350x349.png 350w, https:\/\/www.lyceeball.at\/wp-content\/uploads\/Bal\/logo-bal-480x478.png 480w, https:\/\/www.lyceeball.at\/wp-content\/uploads\/Bal\/logo-bal.png 1536w\" sizes=\"(max-width: 1024px) 100vw, 1024px\" \/>\t\t\t\t\t\t\t\t\t\t\t\t\t\t\t<\/div>\n\t\t\t\t<\/div>\n\t\t\t\t\t<\/div>\n\t\t<\/div>\n\t\t\t\t<div class=\"elementor-column elementor-col-50 elementor-top-column elementor-element elementor-element-ef996cf\" data-id=\"ef996cf\" data-element_type=\"column\" data-e-type=\"column\">\n\t\t\t<div class=\"elementor-widget-wrap elementor-element-populated\">\n\t\t\t\t\t\t<div class=\"elementor-element elementor-element-7ea1026 elementor-widget elementor-widget-heading\" data-id=\"7ea1026\" data-element_type=\"widget\" data-e-type=\"widget\" data-widget_type=\"heading.default\">\n\t\t\t\t<div class=\"elementor-widget-container\">\n\t\t\t\t\t<h2 class=\"elementor-heading-title elementor-size-default\">Laissez-vous emporter par la magie du Bal<\/h2>\t\t\t\t<\/div>\n\t\t\t\t<\/div>\n\t\t\t\t<div class=\"elementor-element elementor-element-ec0a426 elementor-widget elementor-widget-text-editor\" data-id=\"ec0a426\" data-element_type=\"widget\" data-e-type=\"widget\" data-widget_type=\"text-editor.default\">\n\t\t\t\t<div class=\"elementor-widget-container\">\n\t\t\t\t\t\t\t\t\t<p class=\"\">Comme le veut la tradition dans la capitale viennoise, la soir\u00e9e d\u00e9butera par une ouverture soigneusement r\u00e9p\u00e9t\u00e9e par nos \u00e9l\u00e8ves \u2013 46 couples auront l\u2019honneur d\u2019y participer. Pour les participants \u00e0 la soir\u00e9e, c\u2019est l\u2019occasion d\u2019offrir \u00e0 des amis ou des partenaires un moment de convivialit\u00e9 dans un cadre exceptionnel. Le bal est alors ouvert, dans la grande salle de bal deux formations musicales s\u2019alterneront, tandis qu\u2019un DJ se met aux platines dans la partie discoth\u00e8que. A minuit, une surprise attend nos invit\u00e9s. Les valseurs c\u00e8dent un instant la piste \u00e0 une repr\u00e9sentation artistique des \u00e9l\u00e8ves qui viennent nous offrir un interm\u00e8de toujours tr\u00e8s appr\u00e9ci\u00e9. Suit la tombola tr\u00e8s attendue en raison des magnifiques lots offerts par nos g\u00e9n\u00e9reux partenaires\u2026 avant le quadrille dirig\u00e9 de mains de ma\u00eetre. Puis de nouveau place \u00e0 la danse jusqu\u2019\u00e0 l\u2019aube !<\/p>\t\t\t\t\t\t\t\t<\/div>\n\t\t\t\t<\/div>\n\t\t\t\t\t<\/div>\n\t\t<\/div>\n\t\t\t\t\t<\/div>\n\t\t<\/section>\n\t\t\t\t<\/div>","protected":false},"excerpt":{"rendered":"<p>Le comit\u00e9 d&rsquo;organisation est heureux de vous annoncer que le bal du lyc\u00e9e fran\u00e7ais de Vienne aura lieu au Rathaus de Vienne [&hellip;]<\/p>\n","protected":false},"author":1,"featured_media":0,"parent":0,"menu_order":0,"comment_status":"closed","ping_status":"closed","template":"page-templates\/page_front-page.php","meta":{"footnotes":""},"folder":[],"class_list":["post-4081","page","type-page","status-publish","hentry"],"_links":{"self":[{"href":"https:\/\/www.lyceeball.at\/de_at\/wp-json\/wp\/v2\/pages\/4081","targetHints":{"allow":["GET"]}}],"collection":[{"href":"https:\/\/www.lyceeball.at\/de_at\/wp-json\/wp\/v2\/pages"}],"about":[{"href":"https:\/\/www.lyceeball.at\/de_at\/wp-json\/wp\/v2\/types\/page"}],"author":[{"embeddable":true,"href":"https:\/\/www.lyceeball.at\/de_at\/wp-json\/wp\/v2\/users\/1"}],"replies":[{"embeddable":true,"href":"https:\/\/www.lyceeball.at\/de_at\/wp-json\/wp\/v2\/comments?post=4081"}],"version-history":[{"count":0,"href":"https:\/\/www.lyceeball.at\/de_at\/wp-json\/wp\/v2\/pages\/4081\/revisions"}],"wp:attachment":[{"href":"https:\/\/www.lyceeball.at\/de_at\/wp-json\/wp\/v2\/media?parent=4081"}],"wp:term":[{"taxonomy":"folder","embeddable":true,"href":"https:\/\/www.lyceeball.at\/de_at\/wp-json\/wp\/v2\/folder?post=4081"}],"curies":[{"name":"wp","href":"https:\/\/api.w.org\/{rel}","templated":true}]}}